{"id":63,"date":"2025-03-21T23:26:15","date_gmt":"2025-03-21T23:26:15","guid":{"rendered":"https:\/\/www.dkrentacar.com\/?page_id=63"},"modified":"2025-03-22T00:12:34","modified_gmt":"2025-03-22T00:12:34","slug":"iletisim","status":"publish","type":"page","link":"http:\/\/www.dkrentacar.com\/index.php\/iletisim\/","title":{"rendered":"\u0130leti\u015fim"},"content":{"rendered":"\n<div class=\"wp-block-columns alignfull is-layout-flex wp-container-core-columns-is-layout-28f84493 wp-block-columns-is-layout-flex\">\n<div class=\"wp-block-column is-layout-flow wp-block-column-is-layout-flow\">\n<div style=\"width: 100%\"><iframe width=\"100%\" height=\"400\" frameborder=\"0\" scrolling=\"no\" marginheight=\"0\" marginwidth=\"0\" src=\"https:\/\/www.google.com\/maps\/embed?pb=!1m18!1m12!1m3!1d3031.0027036626384!2d34.95495627557879!3d40.56361754668694!2m3!1f0!2f0!3f0!3m2!1i1024!2i768!4f13.1!3m3!1m2!1s0x40872b052fbb07c1%3A0xe3941684d86a3dea!2zREVSR8SwS0FQSU5EQSBNRURZQSBIxLBaTUVUTEVSxLAgWUFZSU5DSUxJSyBMxLBNxLBURUQgxZ7EsFJLRVTEsA!5e0!3m2!1str!2str!4v1742602132243!5m2!1str!2str\"><\/iframe><\/div>\n\n\n\n<p><\/p>\n<\/div>\n<\/div>\n\n\n\n<div class=\"wp-block-columns container is-layout-flex wp-container-core-columns-is-layout-28f84493 wp-block-columns-is-layout-flex\">\n<div class=\"wp-block-column is-vertically-aligned-center is-layout-flow wp-block-column-is-layout-flow\">\n<h2 class=\"wp-block-heading hestia-title\">Bizimle \u0130leti\u015fime Ge\u00e7in<\/h2>\n\n\n\n<div style=\"height:40px\" aria-hidden=\"true\" class=\"wp-block-spacer\"><\/div>\n\n\n\n<div class=\"contact-wrapper\">\n\t\t\t\t\t\t\t\t\t\t\t\t\t\t\t\t\t\t\t<div class=\"content\">\n\t\t\t\n\t\t\t  <form>\n\t\t\t   <div class=\"form-group\">\n\t\t\t    <input type=\"text\" id=\"fname\" name=\"firstname\" placeholder=\"\u0130sminiz\">\n\t\t\t<\/div>\n\t\t\t<div class=\"form-group\">\n\t\t\t    <input type=\"text\" id=\"lname\" name=\"lastname\" placeholder=\"Soyisminiz\">\n\t\t\t<\/div>\n\t\t\t<div class=\"form-group\">\n\t\t\t    <textarea id=\"subject\" name=\"subject\" placeholder=\"Konu\" style=\"height:200px\"><\/textarea>\n\t\t\t<\/div>\n\t\t\t    <input type=\"submit\" value=\"G\u00f6nder\">\n\t\t\t\n\t\t\t  <\/form>\n\t\t\t<\/div>\n\t\t\t<\/div>\n<\/div>\n\n\n\n<div class=\"wp-block-column is-vertically-aligned-center is-layout-flow wp-block-column-is-layout-flow\">\n<div class=\"wp-block-columns is-layout-flex wp-container-core-columns-is-layout-28f84493 wp-block-columns-is-layout-flex\">\n<div class=\"wp-block-column is-layout-flow wp-block-column-is-layout-flow\"><\/div>\n\n\n\n<div class=\"wp-block-column is-layout-flow wp-block-column-is-layout-flow\" style=\"flex-basis:50%\">\n<h4 class=\"wp-block-heading has-text-align-left hestia-title has-text-color\" style=\"color:#3c4858;font-size:18px\"><img decoding=\"async\" class=\"wp-image-86\" style=\"width: 25px;\" src=\"https:\/\/www.dkrentacar.com\/wp-content\/themes\/hestia\/assets\/img\/contact1.png\" alt=\"Map icon\">  <strong>Adres<\/strong><\/h4>\n\n\n\n<p class=\"has-text-align-left has-text-color\" style=\"color:#999999;font-size:14px\">Ulukavak Mahallesi Sakarya 7. Sokak No: 4\/1 <br>Merkez\/\u00c7ORUM<br><\/p>\n\n\n\n<div style=\"height:40px\" aria-hidden=\"true\" class=\"wp-block-spacer\"><\/div>\n\n\n\n<h4 class=\"wp-block-heading has-text-align-left hestia-title has-text-color\" style=\"color:#3c4858;font-size:18px\"><img decoding=\"async\" class=\"wp-image-98\" style=\"width: 25px;\" src=\"https:\/\/www.dkrentacar.com\/wp-content\/themes\/hestia\/assets\/img\/contact2.png\" alt=\"\">  <strong><strong>Telefon<\/strong><\/strong><\/h4>\n\n\n\n<p class=\"has-text-align-left has-text-color\" style=\"color:#999999;font-size:14px\">05517258429<\/p>\n\n\n\n<div style=\"height:40px\" aria-hidden=\"true\" class=\"wp-block-spacer\"><\/div>\n<\/div>\n\n\n\n<div class=\"wp-block-column is-layout-flow wp-block-column-is-layout-flow\"><\/div>\n<\/div>\n<\/div>\n<\/div>\n\n\n\n<p><\/p>\n","protected":false},"excerpt":{"rendered":"<p>Bizimle \u0130leti\u015fime Ge\u00e7in Adres Ulukavak Mahallesi Sakarya 7. Sokak No: 4\/1 Merkez\/\u00c7ORUM Telefon 05517258429<\/p>\n","protected":false},"author":1,"featured_media":55,"parent":0,"menu_order":0,"comment_status":"closed","ping_status":"closed","template":"page-templates\/template-pagebuilder-full-width.php","meta":{"_themeisle_gutenberg_block_has_review":false,"footnotes":""},"class_list":["post-63","page","type-page","status-publish","has-post-thumbnail","hentry"],"yoast_head":"<!-- This site is optimized with the Yoast SEO plugin v27.4 - https:\/\/yoast.com\/product\/yoast-seo-wordpress\/ -->\n<title>\u0130leti\u015fim - DK RENT A CAR<\/title>\n<meta name=\"robots\" content=\"index, follow, max-snippet:-1, max-image-preview:large, max-video-preview:-1\" \/>\n<link rel=\"canonical\" href=\"http:\/\/www.dkrentacar.com\/index.php\/iletisim\/\" \/>\n<meta property=\"og:locale\" content=\"tr_TR\" \/>\n<meta property=\"og:type\" content=\"article\" \/>\n<meta property=\"og:title\" content=\"\u0130leti\u015fim - DK RENT A CAR\" \/>\n<meta property=\"og:description\" content=\"Bizimle \u0130leti\u015fime Ge\u00e7in Adres Ulukavak Mahallesi Sakarya 7. Sokak No: 4\/1 Merkez\/\u00c7ORUM Telefon 05517258429\" \/>\n<meta property=\"og:url\" content=\"http:\/\/www.dkrentacar.com\/index.php\/iletisim\/\" \/>\n<meta property=\"og:site_name\" content=\"DK RENT A CAR\" \/>\n<meta property=\"article:modified_time\" content=\"2025-03-22T00:12:34+00:00\" \/>\n<meta property=\"og:image\" content=\"http:\/\/www.dkrentacar.com\/wp-content\/uploads\/2025\/03\/slider1-4.jpg\" \/>\n\t<meta property=\"og:image:width\" content=\"1104\" \/>\n\t<meta property=\"og:image:height\" content=\"621\" \/>\n\t<meta property=\"og:image:type\" content=\"image\/jpeg\" \/>\n<meta name=\"twitter:card\" content=\"summary_large_image\" \/>\n<script type=\"application\/ld+json\" class=\"yoast-schema-graph\">{\"@context\":\"https:\\\/\\\/schema.org\",\"@graph\":[{\"@type\":\"WebPage\",\"@id\":\"http:\\\/\\\/www.dkrentacar.com\\\/index.php\\\/iletisim\\\/\",\"url\":\"http:\\\/\\\/www.dkrentacar.com\\\/index.php\\\/iletisim\\\/\",\"name\":\"\u0130leti\u015fim - DK RENT A CAR\",\"isPartOf\":{\"@id\":\"http:\\\/\\\/www.dkrentacar.com\\\/#website\"},\"primaryImageOfPage\":{\"@id\":\"http:\\\/\\\/www.dkrentacar.com\\\/index.php\\\/iletisim\\\/#primaryimage\"},\"image\":{\"@id\":\"http:\\\/\\\/www.dkrentacar.com\\\/index.php\\\/iletisim\\\/#primaryimage\"},\"thumbnailUrl\":\"http:\\\/\\\/www.dkrentacar.com\\\/wp-content\\\/uploads\\\/2025\\\/03\\\/slider1-4.jpg\",\"datePublished\":\"2025-03-21T23:26:15+00:00\",\"dateModified\":\"2025-03-22T00:12:34+00:00\",\"breadcrumb\":{\"@id\":\"http:\\\/\\\/www.dkrentacar.com\\\/index.php\\\/iletisim\\\/#breadcrumb\"},\"inLanguage\":\"tr\",\"potentialAction\":[{\"@type\":\"ReadAction\",\"target\":[\"http:\\\/\\\/www.dkrentacar.com\\\/index.php\\\/iletisim\\\/\"]}]},{\"@type\":\"ImageObject\",\"inLanguage\":\"tr\",\"@id\":\"http:\\\/\\\/www.dkrentacar.com\\\/index.php\\\/iletisim\\\/#primaryimage\",\"url\":\"http:\\\/\\\/www.dkrentacar.com\\\/wp-content\\\/uploads\\\/2025\\\/03\\\/slider1-4.jpg\",\"contentUrl\":\"http:\\\/\\\/www.dkrentacar.com\\\/wp-content\\\/uploads\\\/2025\\\/03\\\/slider1-4.jpg\",\"width\":1104,\"height\":621},{\"@type\":\"BreadcrumbList\",\"@id\":\"http:\\\/\\\/www.dkrentacar.com\\\/index.php\\\/iletisim\\\/#breadcrumb\",\"itemListElement\":[{\"@type\":\"ListItem\",\"position\":1,\"name\":\"Anasayfa\",\"item\":\"http:\\\/\\\/www.dkrentacar.com\\\/\"},{\"@type\":\"ListItem\",\"position\":2,\"name\":\"\u0130leti\u015fim\"}]},{\"@type\":\"WebSite\",\"@id\":\"http:\\\/\\\/www.dkrentacar.com\\\/#website\",\"url\":\"http:\\\/\\\/www.dkrentacar.com\\\/\",\"name\":\"DK RENT A CAR\",\"description\":\"DK Ara&ccedil; Kiralama\",\"publisher\":{\"@id\":\"http:\\\/\\\/www.dkrentacar.com\\\/#organization\"},\"potentialAction\":[{\"@type\":\"SearchAction\",\"target\":{\"@type\":\"EntryPoint\",\"urlTemplate\":\"http:\\\/\\\/www.dkrentacar.com\\\/?s={search_term_string}\"},\"query-input\":{\"@type\":\"PropertyValueSpecification\",\"valueRequired\":true,\"valueName\":\"search_term_string\"}}],\"inLanguage\":\"tr\"},{\"@type\":\"Organization\",\"@id\":\"http:\\\/\\\/www.dkrentacar.com\\\/#organization\",\"name\":\"DK RENT A CAR\",\"url\":\"http:\\\/\\\/www.dkrentacar.com\\\/\",\"logo\":{\"@type\":\"ImageObject\",\"inLanguage\":\"tr\",\"@id\":\"http:\\\/\\\/www.dkrentacar.com\\\/#\\\/schema\\\/logo\\\/image\\\/\",\"url\":\"http:\\\/\\\/www.dkrentacar.com\\\/wp-content\\\/uploads\\\/2025\\\/03\\\/cropped-DKlogo.png\",\"contentUrl\":\"http:\\\/\\\/www.dkrentacar.com\\\/wp-content\\\/uploads\\\/2025\\\/03\\\/cropped-DKlogo.png\",\"width\":310,\"height\":240,\"caption\":\"DK RENT A CAR\"},\"image\":{\"@id\":\"http:\\\/\\\/www.dkrentacar.com\\\/#\\\/schema\\\/logo\\\/image\\\/\"}}]}<\/script>\n<!-- \/ Yoast SEO plugin. -->","yoast_head_json":{"title":"\u0130leti\u015fim - DK RENT A CAR","robots":{"index":"index","follow":"follow","max-snippet":"max-snippet:-1","max-image-preview":"max-image-preview:large","max-video-preview":"max-video-preview:-1"},"canonical":"http:\/\/www.dkrentacar.com\/index.php\/iletisim\/","og_locale":"tr_TR","og_type":"article","og_title":"\u0130leti\u015fim - DK RENT A CAR","og_description":"Bizimle \u0130leti\u015fime Ge\u00e7in Adres Ulukavak Mahallesi Sakarya 7. Sokak No: 4\/1 Merkez\/\u00c7ORUM Telefon 05517258429","og_url":"http:\/\/www.dkrentacar.com\/index.php\/iletisim\/","og_site_name":"DK RENT A CAR","article_modified_time":"2025-03-22T00:12:34+00:00","og_image":[{"width":1104,"height":621,"url":"http:\/\/www.dkrentacar.com\/wp-content\/uploads\/2025\/03\/slider1-4.jpg","type":"image\/jpeg"}],"twitter_card":"summary_large_image","schema":{"@context":"https:\/\/schema.org","@graph":[{"@type":"WebPage","@id":"http:\/\/www.dkrentacar.com\/index.php\/iletisim\/","url":"http:\/\/www.dkrentacar.com\/index.php\/iletisim\/","name":"\u0130leti\u015fim - DK RENT A CAR","isPartOf":{"@id":"http:\/\/www.dkrentacar.com\/#website"},"primaryImageOfPage":{"@id":"http:\/\/www.dkrentacar.com\/index.php\/iletisim\/#primaryimage"},"image":{"@id":"http:\/\/www.dkrentacar.com\/index.php\/iletisim\/#primaryimage"},"thumbnailUrl":"http:\/\/www.dkrentacar.com\/wp-content\/uploads\/2025\/03\/slider1-4.jpg","datePublished":"2025-03-21T23:26:15+00:00","dateModified":"2025-03-22T00:12:34+00:00","breadcrumb":{"@id":"http:\/\/www.dkrentacar.com\/index.php\/iletisim\/#breadcrumb"},"inLanguage":"tr","potentialAction":[{"@type":"ReadAction","target":["http:\/\/www.dkrentacar.com\/index.php\/iletisim\/"]}]},{"@type":"ImageObject","inLanguage":"tr","@id":"http:\/\/www.dkrentacar.com\/index.php\/iletisim\/#primaryimage","url":"http:\/\/www.dkrentacar.com\/wp-content\/uploads\/2025\/03\/slider1-4.jpg","contentUrl":"http:\/\/www.dkrentacar.com\/wp-content\/uploads\/2025\/03\/slider1-4.jpg","width":1104,"height":621},{"@type":"BreadcrumbList","@id":"http:\/\/www.dkrentacar.com\/index.php\/iletisim\/#breadcrumb","itemListElement":[{"@type":"ListItem","position":1,"name":"Anasayfa","item":"http:\/\/www.dkrentacar.com\/"},{"@type":"ListItem","position":2,"name":"\u0130leti\u015fim"}]},{"@type":"WebSite","@id":"http:\/\/www.dkrentacar.com\/#website","url":"http:\/\/www.dkrentacar.com\/","name":"DK RENT A CAR","description":"DK Ara&ccedil; Kiralama","publisher":{"@id":"http:\/\/www.dkrentacar.com\/#organization"},"potentialAction":[{"@type":"SearchAction","target":{"@type":"EntryPoint","urlTemplate":"http:\/\/www.dkrentacar.com\/?s={search_term_string}"},"query-input":{"@type":"PropertyValueSpecification","valueRequired":true,"valueName":"search_term_string"}}],"inLanguage":"tr"},{"@type":"Organization","@id":"http:\/\/www.dkrentacar.com\/#organization","name":"DK RENT A CAR","url":"http:\/\/www.dkrentacar.com\/","logo":{"@type":"ImageObject","inLanguage":"tr","@id":"http:\/\/www.dkrentacar.com\/#\/schema\/logo\/image\/","url":"http:\/\/www.dkrentacar.com\/wp-content\/uploads\/2025\/03\/cropped-DKlogo.png","contentUrl":"http:\/\/www.dkrentacar.com\/wp-content\/uploads\/2025\/03\/cropped-DKlogo.png","width":310,"height":240,"caption":"DK RENT A CAR"},"image":{"@id":"http:\/\/www.dkrentacar.com\/#\/schema\/logo\/image\/"}}]}},"_links":{"self":[{"href":"http:\/\/www.dkrentacar.com\/index.php\/wp-json\/wp\/v2\/pages\/63","targetHints":{"allow":["GET"]}}],"collection":[{"href":"http:\/\/www.dkrentacar.com\/index.php\/wp-json\/wp\/v2\/pages"}],"about":[{"href":"http:\/\/www.dkrentacar.com\/index.php\/wp-json\/wp\/v2\/types\/page"}],"author":[{"embeddable":true,"href":"http:\/\/www.dkrentacar.com\/index.php\/wp-json\/wp\/v2\/users\/1"}],"replies":[{"embeddable":true,"href":"http:\/\/www.dkrentacar.com\/index.php\/wp-json\/wp\/v2\/comments?post=63"}],"version-history":[{"count":3,"href":"http:\/\/www.dkrentacar.com\/index.php\/wp-json\/wp\/v2\/pages\/63\/revisions"}],"predecessor-version":[{"id":113,"href":"http:\/\/www.dkrentacar.com\/index.php\/wp-json\/wp\/v2\/pages\/63\/revisions\/113"}],"wp:featuredmedia":[{"embeddable":true,"href":"http:\/\/www.dkrentacar.com\/index.php\/wp-json\/wp\/v2\/media\/55"}],"wp:attachment":[{"href":"http:\/\/www.dkrentacar.com\/index.php\/wp-json\/wp\/v2\/media?parent=63"}],"curies":[{"name":"wp","href":"https:\/\/api.w.org\/{rel}","templated":true}]}}