{"id":62,"date":"2025-03-21T23:26:15","date_gmt":"2025-03-21T23:26:15","guid":{"rendered":"https:\/\/www.dkrentacar.com\/?page_id=62"},"modified":"2025-03-22T00:07:05","modified_gmt":"2025-03-22T00:07:05","slug":"ana-sayfa","status":"publish","type":"page","link":"http:\/\/www.dkrentacar.com\/","title":{"rendered":"Ana sayfa"},"content":{"rendered":"\n<div class=\"wp-block-cover alignfull is-light hestia-clear-top-padding\"><span aria-hidden=\"true\" class=\"wp-block-cover__background has-white-background-color has-background-dim-100 has-background-dim\"><\/span><div class=\"wp-block-cover__inner-container is-layout-flow wp-block-cover-is-layout-flow\">\n<h2 class=\"wp-block-heading has-text-align-center has-text-color\" style=\"color:#3c4858\">Ara\u00e7lar\u0131m\u0131z<\/h2>\n\n\n\n<div style=\"height:40px\" aria-hidden=\"true\" class=\"wp-block-spacer\"><\/div>\n\n\n\n<div class=\"wp-block-columns container is-layout-flex wp-container-core-columns-is-layout-28f84493 wp-block-columns-is-layout-flex\">\n<div class=\"wp-block-column is-layout-flow wp-block-column-is-layout-flow\"><div class=\"wp-block-image\">\n<figure class=\"aligncenter size-large is-resized\"><img fetchpriority=\"high\" decoding=\"async\" width=\"1024\" height=\"771\" src=\"https:\/\/www.dkrentacar.com\/wp-content\/uploads\/2025\/03\/Screenshot-2025-03-22-at-02-34-42-Kiralik-2005-model-Volkswagen-Golf-1.190-TL-1231055940-1024x771.png\" alt=\"\" class=\"wp-image-98\" style=\"aspect-ratio:1;object-fit:cover;width:auto;height:230px\" srcset=\"http:\/\/www.dkrentacar.com\/wp-content\/uploads\/2025\/03\/Screenshot-2025-03-22-at-02-34-42-Kiralik-2005-model-Volkswagen-Golf-1.190-TL-1231055940-1024x771.png 1024w, http:\/\/www.dkrentacar.com\/wp-content\/uploads\/2025\/03\/Screenshot-2025-03-22-at-02-34-42-Kiralik-2005-model-Volkswagen-Golf-1.190-TL-1231055940-300x226.png 300w, http:\/\/www.dkrentacar.com\/wp-content\/uploads\/2025\/03\/Screenshot-2025-03-22-at-02-34-42-Kiralik-2005-model-Volkswagen-Golf-1.190-TL-1231055940-768x578.png 768w, http:\/\/www.dkrentacar.com\/wp-content\/uploads\/2025\/03\/Screenshot-2025-03-22-at-02-34-42-Kiralik-2005-model-Volkswagen-Golf-1.190-TL-1231055940-600x452.png 600w, http:\/\/www.dkrentacar.com\/wp-content\/uploads\/2025\/03\/Screenshot-2025-03-22-at-02-34-42-Kiralik-2005-model-Volkswagen-Golf-1.190-TL-1231055940.png 1086w\" sizes=\"(max-width: 1024px) 100vw, 1024px\" \/><\/figure><\/div>\n\n\n<h5 class=\"wp-block-heading has-text-align-center has-text-color\" style=\"color:#3c4858;font-size:18px\">VW GOLF 5<\/h5>\n\n\n\n<p class=\"has-text-align-center has-text-color\" style=\"color:#999999;font-size:14px\">BENZ\u0130N + LPG 2005 MODEL MANUEL V\u0130TES<\/p>\n\n\n\n<div class=\"wp-block-buttons has-custom-font-size has-small-font-size is-content-justification-center is-layout-flex wp-container-core-buttons-is-layout-a89b3969 wp-block-buttons-is-layout-flex\">\n<div class=\"wp-block-button\"><a class=\"wp-block-button__link has-accent-background-color has-background wp-element-button\" href=\"https:\/\/www.sahibinden.com\/1231055940\">Detayl\u0131 \u0130ncele<\/a><\/div>\n<\/div>\n\n\n\n<div style=\"height:40px\" aria-hidden=\"true\" class=\"wp-block-spacer\"><\/div>\n\n\n\n<div style=\"height:25px\" aria-hidden=\"true\" class=\"wp-block-spacer\"><\/div>\n<\/div>\n\n\n\n<div class=\"wp-block-column is-layout-flow wp-block-column-is-layout-flow\">\n<figure class=\"wp-block-image size-full is-resized\"><img decoding=\"async\" width=\"620\" height=\"528\" src=\"https:\/\/www.dkrentacar.com\/wp-content\/uploads\/2025\/03\/Screenshot-2025-03-22-at-02-36-34-Fiat-_-Doblo-Cargo-_-Ramazan-ayi-boyunca-kampanyamiz-gunluk-sadece-1250\u20ba-sahibinden.comda-1231062438.png\" alt=\"\" class=\"wp-image-99\" style=\"width:auto;height:230px\" srcset=\"http:\/\/www.dkrentacar.com\/wp-content\/uploads\/2025\/03\/Screenshot-2025-03-22-at-02-36-34-Fiat-_-Doblo-Cargo-_-Ramazan-ayi-boyunca-kampanyamiz-gunluk-sadece-1250\u20ba-sahibinden.comda-1231062438.png 620w, http:\/\/www.dkrentacar.com\/wp-content\/uploads\/2025\/03\/Screenshot-2025-03-22-at-02-36-34-Fiat-_-Doblo-Cargo-_-Ramazan-ayi-boyunca-kampanyamiz-gunluk-sadece-1250\u20ba-sahibinden.comda-1231062438-300x255.png 300w, http:\/\/www.dkrentacar.com\/wp-content\/uploads\/2025\/03\/Screenshot-2025-03-22-at-02-36-34-Fiat-_-Doblo-Cargo-_-Ramazan-ayi-boyunca-kampanyamiz-gunluk-sadece-1250\u20ba-sahibinden.comda-1231062438-600x511.png 600w\" sizes=\"(max-width: 620px) 100vw, 620px\" \/><\/figure>\n\n\n\n<h5 class=\"wp-block-heading has-text-align-center has-text-color\" style=\"color:#3c4858;font-size:18px\">F\u0130AT DOBLO CARGO<\/h5>\n\n\n\n<p class=\"has-text-align-center has-text-color\" style=\"color:#999999;font-size:14px\">D\u0130ZEL 2006 MODEL MANUEL V\u0130TES<br><\/p>\n\n\n\n<div class=\"wp-block-buttons is-content-justification-center is-layout-flex wp-container-core-buttons-is-layout-a89b3969 wp-block-buttons-is-layout-flex\">\n<div class=\"wp-block-button has-custom-width wp-block-button__width-50 has-custom-font-size is-style-fill has-small-font-size\"><a class=\"wp-block-button__link has-accent-background-color has-background has-text-align-center wp-element-button\" href=\"https:\/\/www.sahibinden.com\/1231062438\">Detayl\u0131 \u0130ncele<\/a><\/div>\n<\/div>\n\n\n\n<div style=\"height:40px\" aria-hidden=\"true\" class=\"wp-block-spacer\"><\/div>\n\n\n<div class=\"wp-block-image\">\n<figure class=\"aligncenter size-large is-resized\"><img decoding=\"async\" width=\"618\" height=\"501\" src=\"https:\/\/www.dkrentacar.com\/wp-content\/uploads\/2025\/03\/Screenshot-2025-03-22-at-02-54-54-Kiralik-2012-model-Hyundai-i20-1.999-TL-1234859995.png\" alt=\"\" class=\"wp-image-104\" style=\"width:auto;height:230px\" srcset=\"http:\/\/www.dkrentacar.com\/wp-content\/uploads\/2025\/03\/Screenshot-2025-03-22-at-02-54-54-Kiralik-2012-model-Hyundai-i20-1.999-TL-1234859995.png 618w, http:\/\/www.dkrentacar.com\/wp-content\/uploads\/2025\/03\/Screenshot-2025-03-22-at-02-54-54-Kiralik-2012-model-Hyundai-i20-1.999-TL-1234859995-300x243.png 300w, http:\/\/www.dkrentacar.com\/wp-content\/uploads\/2025\/03\/Screenshot-2025-03-22-at-02-54-54-Kiralik-2012-model-Hyundai-i20-1.999-TL-1234859995-600x486.png 600w\" sizes=\"(max-width: 618px) 100vw, 618px\" \/><\/figure><\/div>\n\n\n<p class=\"has-text-align-center has-text-color\" style=\"color:#3c4858;font-size:18px\"><strong>HYUNDAI i20<\/strong><\/p>\n\n\n\n<p class=\"has-text-align-center has-text-color\" style=\"color:#999999;font-size:14px\">BENZ\u0130N + LPG 2012 OTOMAT\u0130K V\u0130TES KL\u0130MALI<\/p>\n\n\n\n<div class=\"wp-block-buttons is-content-justification-center is-layout-flex wp-container-core-buttons-is-layout-a89b3969 wp-block-buttons-is-layout-flex\">\n<div class=\"wp-block-button has-custom-width wp-block-button__width-50 has-custom-font-size has-small-font-size\"><a class=\"wp-block-button__link has-accent-background-color has-background wp-element-button\" href=\"https:\/\/www.sahibinden.com\/1234859995\">Detayl\u0131 \u0130ncele<\/a><\/div>\n<\/div>\n<\/div>\n\n\n\n<div class=\"wp-block-column is-layout-flow wp-block-column-is-layout-flow\">\n<figure class=\"wp-block-image size-full is-resized\"><img loading=\"lazy\" decoding=\"async\" width=\"906\" height=\"726\" src=\"https:\/\/www.dkrentacar.com\/wp-content\/uploads\/2025\/03\/Screenshot-2025-03-22-at-02-47-42-Chrysler-_-Grand-Voyager-_-VIP-otomatik-vites-Ramazan-ayi-boyunca-gunluk-sadece-2250\u20ba-sahibinden.comda-1231050211.png\" alt=\"\" class=\"wp-image-101\" style=\"width:auto;height:230px\" srcset=\"http:\/\/www.dkrentacar.com\/wp-content\/uploads\/2025\/03\/Screenshot-2025-03-22-at-02-47-42-Chrysler-_-Grand-Voyager-_-VIP-otomatik-vites-Ramazan-ayi-boyunca-gunluk-sadece-2250\u20ba-sahibinden.comda-1231050211.png 906w, http:\/\/www.dkrentacar.com\/wp-content\/uploads\/2025\/03\/Screenshot-2025-03-22-at-02-47-42-Chrysler-_-Grand-Voyager-_-VIP-otomatik-vites-Ramazan-ayi-boyunca-gunluk-sadece-2250\u20ba-sahibinden.comda-1231050211-300x240.png 300w, http:\/\/www.dkrentacar.com\/wp-content\/uploads\/2025\/03\/Screenshot-2025-03-22-at-02-47-42-Chrysler-_-Grand-Voyager-_-VIP-otomatik-vites-Ramazan-ayi-boyunca-gunluk-sadece-2250\u20ba-sahibinden.comda-1231050211-768x615.png 768w, http:\/\/www.dkrentacar.com\/wp-content\/uploads\/2025\/03\/Screenshot-2025-03-22-at-02-47-42-Chrysler-_-Grand-Voyager-_-VIP-otomatik-vites-Ramazan-ayi-boyunca-gunluk-sadece-2250\u20ba-sahibinden.comda-1231050211-600x481.png 600w\" sizes=\"(max-width: 906px) 100vw, 906px\" \/><\/figure>\n\n\n\n<h5 class=\"wp-block-heading has-text-align-center has-text-color\" style=\"color:#3c4858;font-size:18px\">CHRYSLER GRAND VOYAGER<\/h5>\n\n\n\n<p class=\"has-text-align-center has-text-color\" style=\"color:#999999;font-size:14px\">V\u0130P BENZ\u0130N + LPG 1997 MODEL OTOMAT\u0130K V\u0130TES<\/p>\n\n\n\n<div class=\"wp-block-buttons is-content-justification-center is-layout-flex wp-container-core-buttons-is-layout-a89b3969 wp-block-buttons-is-layout-flex\">\n<div class=\"wp-block-button has-custom-width wp-block-button__width-50 has-custom-font-size is-style-fill has-small-font-size\"><a class=\"wp-block-button__link has-accent-background-color has-background wp-element-button\" href=\"https:\/\/www.sahibinden.com\/1231050211\">Detayl\u0131 \u0130ncele<\/a><\/div>\n<\/div>\n\n\n\n<div style=\"height:40px\" aria-hidden=\"true\" class=\"wp-block-spacer\"><\/div>\n<\/div>\n<\/div>\n\n\n\n<div style=\"height:40px\" aria-hidden=\"true\" class=\"wp-block-spacer\"><\/div>\n<\/div><\/div>\n\n\n\n<div class=\"wp-block-columns container is-layout-flex wp-container-core-columns-is-layout-28f84493 wp-block-columns-is-layout-flex\"><\/div>\n","protected":false},"excerpt":{"rendered":"","protected":false},"author":1,"featured_media":74,"parent":0,"menu_order":0,"comment_status":"closed","ping_status":"closed","template":"","meta":{"_themeisle_gutenberg_block_has_review":false,"footnotes":""},"class_list":["post-62","page","type-page","status-publish","has-post-thumbnail","hentry"],"yoast_head":"<!-- This site is optimized with the Yoast SEO plugin v27.4 - https:\/\/yoast.com\/product\/yoast-seo-wordpress\/ -->\n<title>Ana sayfa - DK RENT A CAR<\/title>\n<meta name=\"robots\" content=\"index, follow, max-snippet:-1, max-image-preview:large, max-video-preview:-1\" \/>\n<link rel=\"canonical\" href=\"http:\/\/www.dkrentacar.com\/\" \/>\n<meta property=\"og:locale\" content=\"tr_TR\" \/>\n<meta property=\"og:type\" content=\"article\" \/>\n<meta property=\"og:title\" content=\"Ana sayfa - DK RENT A CAR\" \/>\n<meta property=\"og:url\" content=\"http:\/\/www.dkrentacar.com\/\" \/>\n<meta property=\"og:site_name\" content=\"DK RENT A CAR\" \/>\n<meta property=\"article:modified_time\" content=\"2025-03-22T00:07:05+00:00\" \/>\n<meta property=\"og:image\" content=\"http:\/\/www.dkrentacar.com\/wp-content\/uploads\/2025\/03\/Top-Car-Rentals-in-Mohali.png\" \/>\n\t<meta property=\"og:image:width\" content=\"860\" \/>\n\t<meta property=\"og:image:height\" content=\"569\" \/>\n\t<meta property=\"og:image:type\" content=\"image\/png\" \/>\n<meta name=\"twitter:card\" content=\"summary_large_image\" \/>\n<script type=\"application\/ld+json\" class=\"yoast-schema-graph\">{\"@context\":\"https:\\\/\\\/schema.org\",\"@graph\":[{\"@type\":\"WebPage\",\"@id\":\"http:\\\/\\\/www.dkrentacar.com\\\/\",\"url\":\"http:\\\/\\\/www.dkrentacar.com\\\/\",\"name\":\"Ana sayfa - DK RENT A CAR\",\"isPartOf\":{\"@id\":\"http:\\\/\\\/www.dkrentacar.com\\\/#website\"},\"primaryImageOfPage\":{\"@id\":\"http:\\\/\\\/www.dkrentacar.com\\\/#primaryimage\"},\"image\":{\"@id\":\"http:\\\/\\\/www.dkrentacar.com\\\/#primaryimage\"},\"thumbnailUrl\":\"http:\\\/\\\/www.dkrentacar.com\\\/wp-content\\\/uploads\\\/2025\\\/03\\\/Top-Car-Rentals-in-Mohali.png\",\"datePublished\":\"2025-03-21T23:26:15+00:00\",\"dateModified\":\"2025-03-22T00:07:05+00:00\",\"breadcrumb\":{\"@id\":\"http:\\\/\\\/www.dkrentacar.com\\\/#breadcrumb\"},\"inLanguage\":\"tr\",\"potentialAction\":[{\"@type\":\"ReadAction\",\"target\":[\"http:\\\/\\\/www.dkrentacar.com\\\/\"]}]},{\"@type\":\"ImageObject\",\"inLanguage\":\"tr\",\"@id\":\"http:\\\/\\\/www.dkrentacar.com\\\/#primaryimage\",\"url\":\"http:\\\/\\\/www.dkrentacar.com\\\/wp-content\\\/uploads\\\/2025\\\/03\\\/Top-Car-Rentals-in-Mohali.png\",\"contentUrl\":\"http:\\\/\\\/www.dkrentacar.com\\\/wp-content\\\/uploads\\\/2025\\\/03\\\/Top-Car-Rentals-in-Mohali.png\",\"width\":860,\"height\":569},{\"@type\":\"BreadcrumbList\",\"@id\":\"http:\\\/\\\/www.dkrentacar.com\\\/#breadcrumb\",\"itemListElement\":[{\"@type\":\"ListItem\",\"position\":1,\"name\":\"Anasayfa\",\"item\":\"http:\\\/\\\/www.dkrentacar.com\\\/\"},{\"@type\":\"ListItem\",\"position\":2,\"name\":\"Ana sayfa\"}]},{\"@type\":\"WebSite\",\"@id\":\"http:\\\/\\\/www.dkrentacar.com\\\/#website\",\"url\":\"http:\\\/\\\/www.dkrentacar.com\\\/\",\"name\":\"DK RENT A CAR\",\"description\":\"DK Ara&ccedil; Kiralama\",\"publisher\":{\"@id\":\"http:\\\/\\\/www.dkrentacar.com\\\/#organization\"},\"potentialAction\":[{\"@type\":\"SearchAction\",\"target\":{\"@type\":\"EntryPoint\",\"urlTemplate\":\"http:\\\/\\\/www.dkrentacar.com\\\/?s={search_term_string}\"},\"query-input\":{\"@type\":\"PropertyValueSpecification\",\"valueRequired\":true,\"valueName\":\"search_term_string\"}}],\"inLanguage\":\"tr\"},{\"@type\":\"Organization\",\"@id\":\"http:\\\/\\\/www.dkrentacar.com\\\/#organization\",\"name\":\"DK RENT A CAR\",\"url\":\"http:\\\/\\\/www.dkrentacar.com\\\/\",\"logo\":{\"@type\":\"ImageObject\",\"inLanguage\":\"tr\",\"@id\":\"http:\\\/\\\/www.dkrentacar.com\\\/#\\\/schema\\\/logo\\\/image\\\/\",\"url\":\"http:\\\/\\\/www.dkrentacar.com\\\/wp-content\\\/uploads\\\/2025\\\/03\\\/cropped-DKlogo.png\",\"contentUrl\":\"http:\\\/\\\/www.dkrentacar.com\\\/wp-content\\\/uploads\\\/2025\\\/03\\\/cropped-DKlogo.png\",\"width\":310,\"height\":240,\"caption\":\"DK RENT A CAR\"},\"image\":{\"@id\":\"http:\\\/\\\/www.dkrentacar.com\\\/#\\\/schema\\\/logo\\\/image\\\/\"}}]}<\/script>\n<!-- \/ Yoast SEO plugin. -->","yoast_head_json":{"title":"Ana sayfa - DK RENT A CAR","robots":{"index":"index","follow":"follow","max-snippet":"max-snippet:-1","max-image-preview":"max-image-preview:large","max-video-preview":"max-video-preview:-1"},"canonical":"http:\/\/www.dkrentacar.com\/","og_locale":"tr_TR","og_type":"article","og_title":"Ana sayfa - DK RENT A CAR","og_url":"http:\/\/www.dkrentacar.com\/","og_site_name":"DK RENT A CAR","article_modified_time":"2025-03-22T00:07:05+00:00","og_image":[{"width":860,"height":569,"url":"http:\/\/www.dkrentacar.com\/wp-content\/uploads\/2025\/03\/Top-Car-Rentals-in-Mohali.png","type":"image\/png"}],"twitter_card":"summary_large_image","schema":{"@context":"https:\/\/schema.org","@graph":[{"@type":"WebPage","@id":"http:\/\/www.dkrentacar.com\/","url":"http:\/\/www.dkrentacar.com\/","name":"Ana sayfa - DK RENT A CAR","isPartOf":{"@id":"http:\/\/www.dkrentacar.com\/#website"},"primaryImageOfPage":{"@id":"http:\/\/www.dkrentacar.com\/#primaryimage"},"image":{"@id":"http:\/\/www.dkrentacar.com\/#primaryimage"},"thumbnailUrl":"http:\/\/www.dkrentacar.com\/wp-content\/uploads\/2025\/03\/Top-Car-Rentals-in-Mohali.png","datePublished":"2025-03-21T23:26:15+00:00","dateModified":"2025-03-22T00:07:05+00:00","breadcrumb":{"@id":"http:\/\/www.dkrentacar.com\/#breadcrumb"},"inLanguage":"tr","potentialAction":[{"@type":"ReadAction","target":["http:\/\/www.dkrentacar.com\/"]}]},{"@type":"ImageObject","inLanguage":"tr","@id":"http:\/\/www.dkrentacar.com\/#primaryimage","url":"http:\/\/www.dkrentacar.com\/wp-content\/uploads\/2025\/03\/Top-Car-Rentals-in-Mohali.png","contentUrl":"http:\/\/www.dkrentacar.com\/wp-content\/uploads\/2025\/03\/Top-Car-Rentals-in-Mohali.png","width":860,"height":569},{"@type":"BreadcrumbList","@id":"http:\/\/www.dkrentacar.com\/#breadcrumb","itemListElement":[{"@type":"ListItem","position":1,"name":"Anasayfa","item":"http:\/\/www.dkrentacar.com\/"},{"@type":"ListItem","position":2,"name":"Ana sayfa"}]},{"@type":"WebSite","@id":"http:\/\/www.dkrentacar.com\/#website","url":"http:\/\/www.dkrentacar.com\/","name":"DK RENT A CAR","description":"DK Ara&ccedil; Kiralama","publisher":{"@id":"http:\/\/www.dkrentacar.com\/#organization"},"potentialAction":[{"@type":"SearchAction","target":{"@type":"EntryPoint","urlTemplate":"http:\/\/www.dkrentacar.com\/?s={search_term_string}"},"query-input":{"@type":"PropertyValueSpecification","valueRequired":true,"valueName":"search_term_string"}}],"inLanguage":"tr"},{"@type":"Organization","@id":"http:\/\/www.dkrentacar.com\/#organization","name":"DK RENT A CAR","url":"http:\/\/www.dkrentacar.com\/","logo":{"@type":"ImageObject","inLanguage":"tr","@id":"http:\/\/www.dkrentacar.com\/#\/schema\/logo\/image\/","url":"http:\/\/www.dkrentacar.com\/wp-content\/uploads\/2025\/03\/cropped-DKlogo.png","contentUrl":"http:\/\/www.dkrentacar.com\/wp-content\/uploads\/2025\/03\/cropped-DKlogo.png","width":310,"height":240,"caption":"DK RENT A CAR"},"image":{"@id":"http:\/\/www.dkrentacar.com\/#\/schema\/logo\/image\/"}}]}},"_links":{"self":[{"href":"http:\/\/www.dkrentacar.com\/index.php\/wp-json\/wp\/v2\/pages\/62","targetHints":{"allow":["GET"]}}],"collection":[{"href":"http:\/\/www.dkrentacar.com\/index.php\/wp-json\/wp\/v2\/pages"}],"about":[{"href":"http:\/\/www.dkrentacar.com\/index.php\/wp-json\/wp\/v2\/types\/page"}],"author":[{"embeddable":true,"href":"http:\/\/www.dkrentacar.com\/index.php\/wp-json\/wp\/v2\/users\/1"}],"replies":[{"embeddable":true,"href":"http:\/\/www.dkrentacar.com\/index.php\/wp-json\/wp\/v2\/comments?post=62"}],"version-history":[{"count":6,"href":"http:\/\/www.dkrentacar.com\/index.php\/wp-json\/wp\/v2\/pages\/62\/revisions"}],"predecessor-version":[{"id":136,"href":"http:\/\/www.dkrentacar.com\/index.php\/wp-json\/wp\/v2\/pages\/62\/revisions\/136"}],"wp:featuredmedia":[{"embeddable":true,"href":"http:\/\/www.dkrentacar.com\/index.php\/wp-json\/wp\/v2\/media\/74"}],"wp:attachment":[{"href":"http:\/\/www.dkrentacar.com\/index.php\/wp-json\/wp\/v2\/media?parent=62"}],"curies":[{"name":"wp","href":"https:\/\/api.w.org\/{rel}","templated":true}]}}